{"id":617,"date":"2025-06-21T03:47:29","date_gmt":"2025-06-21T03:47:29","guid":{"rendered":"https:\/\/3mas1r.com\/test\/lig\/?page_id=617"},"modified":"2026-02-06T01:25:40","modified_gmt":"2026-02-06T01:25:40","slug":"coordinacionde-transporte-anivel-local-y-nacional","status":"publish","type":"page","link":"https:\/\/3mas1r.com\/test\/lig\/coordinacionde-transporte-anivel-local-y-nacional\/","title":{"rendered":"Coordinaci\u00f3nde transporte anivel local y nacional"},"content":{"rendered":"\t\t<div data-elementor-type=\"wp-page\" data-elementor-id=\"617\" class=\"elementor elementor-617\" data-elementor-post-type=\"page\">\n\t\t\t\t<div class=\"elementor-element elementor-element-9614599 e-con-full e-flex e-con e-parent\" data-id=\"9614599\" data-element_type=\"container\" data-e-type=\"container\">\n\t\t\t\t<div class=\"elementor-element elementor-element-4ca4a7e elementor-widget elementor-widget-heading\" data-id=\"4ca4a7e\" data-element_type=\"widget\" data-e-type=\"widget\" data-widget_type=\"heading.default\">\n\t\t\t\t\t<h1 class=\"elementor-heading-title elementor-size-default\">Coordinaci\u00f3n de transporte a nivel local y nacional<\/h1>\t\t\t\t<\/div>\n\t\t\t\t<\/div>\n\t\t<div class=\"elementor-element elementor-element-d175537 e-flex e-con-boxed e-con e-parent\" data-id=\"d175537\" data-element_type=\"container\" data-e-type=\"container\" data-settings=\"{&quot;background_background&quot;:&quot;classic&quot;}\">\n\t\t\t\t\t<div class=\"e-con-inner\">\n\t\t<div class=\"elementor-element elementor-element-cb13865 e-con-full e-flex e-con e-child\" data-id=\"cb13865\" data-element_type=\"container\" data-e-type=\"container\">\n\t\t\t\t<div class=\"elementor-element elementor-element-b6d1d42 elementor-widget elementor-widget-image\" data-id=\"b6d1d42\" data-element_type=\"widget\" data-e-type=\"widget\" data-widget_type=\"image.default\">\n\t\t\t\t\t\t\t\t\t\t\t\t\t\t\t<img fetchpriority=\"high\" decoding=\"async\" width=\"800\" height=\"800\" src=\"https:\/\/3mas1r.com\/test\/lig\/wp-content\/uploads\/2025\/06\/servicio-5.png\" class=\"attachment-large size-large wp-image-461\" alt=\"\" srcset=\"https:\/\/3mas1r.com\/test\/lig\/wp-content\/uploads\/2025\/06\/servicio-5.png 1024w, https:\/\/3mas1r.com\/test\/lig\/wp-content\/uploads\/2025\/06\/servicio-5-300x300.png 300w, https:\/\/3mas1r.com\/test\/lig\/wp-content\/uploads\/2025\/06\/servicio-5-150x150.png 150w, https:\/\/3mas1r.com\/test\/lig\/wp-content\/uploads\/2025\/06\/servicio-5-768x768.png 768w\" sizes=\"(max-width: 800px) 100vw, 800px\" \/>\t\t\t\t\t\t\t\t\t\t\t\t\t\t\t<\/div>\n\t\t\t\t<\/div>\n\t\t<div class=\"elementor-element elementor-element-d5d52d9 e-con-full e-flex e-con e-child\" data-id=\"d5d52d9\" data-element_type=\"container\" data-e-type=\"container\">\n\t\t\t\t<div class=\"elementor-element elementor-element-37e1e7b elementor-widget elementor-widget-text-editor\" data-id=\"37e1e7b\" data-element_type=\"widget\" data-e-type=\"widget\" data-widget_type=\"text-editor.default\">\n\t\t\t\t\t\t\t\t\t<p><img decoding=\"async\" class=\" wp-image-340 alignleft\" src=\"https:\/\/3mas1r.com\/test\/lig\/wp-content\/uploads\/2025\/06\/Servi_5.svg\" alt=\"\" width=\"93\" height=\"88\" \/><\/p><p><span style=\"font-weight: 400;\">No permitas que la distancia sea un l\u00edmite para tus proyectos.<\/span><\/p><p><span style=\"font-weight: 400;\">En <\/span><b>el Grupo LIG<\/b><span style=\"font-weight: 400;\"> acortamos el camino entre tu negocio y tus clientes, brind\u00e1ndote un servicio de transporte que combina la rapidez local con el alcance nacional. Nos encargamos de la coordinaci\u00f3n experta y la seguridad de cada trayecto para que t\u00fa solo te preocupes por vender m\u00e1s. <\/span><b>Llevamos tu marca a donde necesite estar, hoy y siempre.<\/b><\/p><p><img decoding=\"async\" class=\"wp-image-97 alignright\" src=\"https:\/\/3mas1r.com\/test\/lig\/wp-content\/uploads\/2025\/06\/LIG-ZF111-2-294x300.webp\" alt=\"\" width=\"67\" height=\"68\" srcset=\"https:\/\/3mas1r.com\/test\/lig\/wp-content\/uploads\/2025\/06\/LIG-ZF111-2-294x300.webp 294w, https:\/\/3mas1r.com\/test\/lig\/wp-content\/uploads\/2025\/06\/LIG-ZF111-2-150x150.webp 150w, https:\/\/3mas1r.com\/test\/lig\/wp-content\/uploads\/2025\/06\/LIG-ZF111-2.webp 548w\" sizes=\"(max-width: 67px) 100vw, 67px\" \/><\/p>\t\t\t\t\t\t\t\t<\/div>\n\t\t\t\t<\/div>\n\t\t\t\t\t<\/div>\n\t\t\t\t<\/div>\n\t\t<div class=\"elementor-element elementor-element-c435a6d e-flex e-con-boxed e-con e-parent\" data-id=\"c435a6d\" data-element_type=\"container\" data-e-type=\"container\">\n\t\t\t\t\t<div class=\"e-con-inner\">\n\t\t\t\t<div class=\"elementor-element elementor-element-eb1c3eb elementor-widget elementor-widget-heading\" data-id=\"eb1c3eb\" data-element_type=\"widget\" data-e-type=\"widget\" data-widget_type=\"heading.default\">\n\t\t\t\t\t<h2 class=\"elementor-heading-title elementor-size-default\">Solicita aqu\u00ed tu cotizaci\u00f3n<\/h2>\t\t\t\t<\/div>\n\t\t\t\t<div class=\"elementor-element elementor-element-deec770 elementor-widget elementor-widget-shortcode\" data-id=\"deec770\" data-element_type=\"widget\" data-e-type=\"widget\" data-widget_type=\"shortcode.default\">\n\t\t\t\t\t\t\t<div class=\"elementor-shortcode\">\n<div class=\"wpcf7 no-js\" id=\"wpcf7-f1129-o1\" lang=\"es-ES\" dir=\"ltr\" data-wpcf7-id=\"1129\">\n<div class=\"screen-reader-response\"><p role=\"status\" aria-live=\"polite\" aria-atomic=\"true\"><\/p> <ul><\/ul><\/div>\n<form action=\"\/test\/lig\/wp-json\/wp\/v2\/pages\/617#wpcf7-f1129-o1\" method=\"post\" class=\"wpcf7-form init\" aria-label=\"Formulario de contacto\" novalidate=\"novalidate\" data-status=\"init\">\n<fieldset class=\"hidden-fields-container\"><input type=\"hidden\" name=\"_wpcf7\" value=\"1129\" \/><input type=\"hidden\" name=\"_wpcf7_version\" value=\"6.1.5\" \/><input type=\"hidden\" name=\"_wpcf7_locale\" value=\"es_ES\" \/><input type=\"hidden\" name=\"_wpcf7_unit_tag\" value=\"wpcf7-f1129-o1\" \/><input type=\"hidden\" name=\"_wpcf7_container_post\" value=\"0\" \/><input type=\"hidden\" name=\"_wpcf7_posted_data_hash\" value=\"\" \/>\n<\/fieldset>\n<div class=\"cotizacion-form\">\n\t<div class=\"form-row form-row-2cols\">\n\t\t<div class=\"form-col\">\n\t\t\t<p><label class=\"form-label\">Nombre completo *<\/label><br \/>\n<span class=\"wpcf7-form-control-wrap\" data-name=\"nombre\"><input size=\"40\" maxlength=\"400\" class=\"wpcf7-form-control wpcf7-text wpcf7-validates-as-required form-input\" aria-required=\"true\" aria-invalid=\"false\" placeholder=\"Juan P\u00e9rez\" value=\"\" type=\"text\" name=\"nombre\" \/><\/span>\n\t\t\t<\/p>\n\t\t<\/div>\n\t\t<div class=\"form-col\">\n\t\t\t<p><label class=\"form-label\">Correo electr\u00f3nico *<\/label><br \/>\n<span class=\"wpcf7-form-control-wrap\" data-name=\"correo\"><input size=\"40\" maxlength=\"400\" class=\"wpcf7-form-control wpcf7-email wpcf7-validates-as-required wpcf7-text wpcf7-validates-as-email form-input\" aria-required=\"true\" aria-invalid=\"false\" placeholder=\"tu@email.com\" value=\"\" type=\"email\" name=\"correo\" \/><\/span>\n\t\t\t<\/p>\n\t\t<\/div>\n\t<\/div>\n\t<div class=\"form-row form-row-2cols\">\n\t\t<div class=\"form-col\">\n\t\t\t<p><label class=\"form-label\">Empresa *<\/label><br \/>\n<span class=\"wpcf7-form-control-wrap\" data-name=\"empresa\"><input size=\"40\" maxlength=\"400\" class=\"wpcf7-form-control wpcf7-text wpcf7-validates-as-required form-input\" aria-required=\"true\" aria-invalid=\"false\" placeholder=\"Nombre de tu empresa\" value=\"\" type=\"text\" name=\"empresa\" \/><\/span>\n\t\t\t<\/p>\n\t\t<\/div>\n\t\t<div class=\"form-col\">\n\t\t\t<p><label class=\"form-label\">Tel\u00e9fono<\/label><br \/>\n<span class=\"wpcf7-form-control-wrap\" data-name=\"telefono\"><input size=\"40\" maxlength=\"400\" class=\"wpcf7-form-control wpcf7-tel wpcf7-text wpcf7-validates-as-tel form-input\" aria-invalid=\"false\" placeholder=\"+57 300 123 4567\" value=\"\" type=\"tel\" name=\"telefono\" \/><\/span>\n\t\t\t<\/p>\n\t\t<\/div>\n\t<\/div>\n\t<div class=\"form-row form-row-2cols\">\n\t\t<div class=\"form-col\">\n\t\t\t<p><label class=\"form-label\">Pa\u00eds de origen *<\/label><br \/>\n<span class=\"wpcf7-form-control-wrap\" data-name=\"pais_origen\"><input size=\"40\" maxlength=\"400\" class=\"wpcf7-form-control wpcf7-text wpcf7-validates-as-required form-input\" aria-required=\"true\" aria-invalid=\"false\" placeholder=\"Colombia\" value=\"\" type=\"text\" name=\"pais_origen\" \/><\/span>\n\t\t\t<\/p>\n\t\t<\/div>\n\t<\/div>\n\t<div class=\"form-row form-row-2cols\">\n\t\t<div class=\"form-col\">\n\t\t\t<p><label class=\"form-label\">Mensaje *<\/label><br \/>\n<span class=\"wpcf7-form-control-wrap\" data-name=\"mensaje\"><textarea cols=\"40\" rows=\"8\" maxlength=\"2000\" class=\"wpcf7-form-control wpcf7-textarea wpcf7-validates-as-required form-textarea\" aria-required=\"true\" aria-invalid=\"false\" placeholder=\"Escribe tu mensaje aqu\u00ed...\" name=\"mensaje\"><\/textarea><\/span>\n\t\t\t<\/p>\n\t\t<\/div>\n\t\t<div class=\"form-col\">\n\t\t\t<p><label class=\"form-label\">Servicios requeridos *<\/label>\n\t\t\t<\/p>\n\t\t\t<div class=\"form-checkbox-group\">\n\t\t\t\t<p><span class=\"wpcf7-form-control-wrap\" data-name=\"servicio\"><span class=\"wpcf7-form-control wpcf7-checkbox wpcf7-validates-as-required\"><span class=\"wpcf7-list-item first\"><label><input type=\"checkbox\" name=\"servicio[]\" value=\"Asesor\u00eda en Comercio Exterior\" \/><span class=\"wpcf7-list-item-label\">Asesor\u00eda en Comercio Exterior<\/span><\/label><\/span><span class=\"wpcf7-list-item\"><label><input type=\"checkbox\" name=\"servicio[]\" value=\"Coordinaci\u00f3n de Agenciamiento Aduanero\" \/><span class=\"wpcf7-list-item-label\">Coordinaci\u00f3n de Agenciamiento Aduanero<\/span><\/label><\/span><span class=\"wpcf7-list-item\"><label><input type=\"checkbox\" name=\"servicio[]\" value=\"Gesti\u00f3n y control de inventario en la zona franca Exennta, Gachancip\u00e1\" \/><span class=\"wpcf7-list-item-label\">Gesti\u00f3n y control de inventario en la zona franca Exennta, Gachancip\u00e1<\/span><\/label><\/span><span class=\"wpcf7-list-item\"><label><input type=\"checkbox\" name=\"servicio[]\" value=\"Gesti\u00f3n y control de Inventarios en Zona Franca Bogot\u00e1, Bodega y Patio\" \/><span class=\"wpcf7-list-item-label\">Gesti\u00f3n y control de Inventarios en Zona Franca Bogot\u00e1, Bodega y Patio<\/span><\/label><\/span><span class=\"wpcf7-list-item\"><label><input type=\"checkbox\" name=\"servicio[]\" value=\"Experto en operaciones IOR y EOR para no residentes en Colombia\" \/><span class=\"wpcf7-list-item-label\">Experto en operaciones IOR y EOR para no residentes en Colombia<\/span><\/label><\/span><span class=\"wpcf7-list-item last\"><label><input type=\"checkbox\" name=\"servicio[]\" value=\"Coordinaci\u00f3n de transporte a nivel local y nacional\" \/><span class=\"wpcf7-list-item-label\">Coordinaci\u00f3n de transporte a nivel local y nacional<\/span><\/label><\/span><\/span><\/span>\n\t\t\t\t<\/p>\n\t\t\t<\/div>\n\t\t<\/div>\n\t<input class=\"wpcf7-form-control wpcf7-hidden\" value=\"\" type=\"hidden\" name=\"asunto-pagina\" \/>\n\t\t<div class=\"form-row\">\n\t\t\t<p><input class=\"wpcf7-form-control wpcf7-submit has-spinner form-submit\" type=\"submit\" value=\"Enviar mensaje\" \/>\n\t\t\t<\/p>\n\t\t<\/div>\n\t<\/div>\n<\/div><div class=\"wpcf7-response-output\" aria-hidden=\"true\"><\/div>\n<\/form>\n<\/div>\n<\/div>\n\t\t\t\t\t\t<\/div>\n\t\t\t\t\t<\/div>\n\t\t\t\t<\/div>\n\t\t\t\t<\/div>\n\t\t","protected":false},"excerpt":{"rendered":"<p>Coordinaci\u00f3n de transporte a nivel local y nacional No permitas que la distancia sea un l\u00edmite para tus proyectos. En el Grupo LIG acortamos el camino entre tu negocio y tus clientes, brind\u00e1ndote un servicio de transporte que combina la rapidez local con el alcance nacional. Nos encargamos de la coordinaci\u00f3n experta y la seguridad [&hellip;]<\/p>\n","protected":false},"author":1,"featured_media":0,"parent":0,"menu_order":0,"comment_status":"closed","ping_status":"closed","template":"","meta":{"footnotes":""},"class_list":["post-617","page","type-page","status-publish","hentry"],"_links":{"self":[{"href":"https:\/\/3mas1r.com\/test\/lig\/wp-json\/wp\/v2\/pages\/617","targetHints":{"allow":["GET"]}}],"collection":[{"href":"https:\/\/3mas1r.com\/test\/lig\/wp-json\/wp\/v2\/pages"}],"about":[{"href":"https:\/\/3mas1r.com\/test\/lig\/wp-json\/wp\/v2\/types\/page"}],"author":[{"embeddable":true,"href":"https:\/\/3mas1r.com\/test\/lig\/wp-json\/wp\/v2\/users\/1"}],"replies":[{"embeddable":true,"href":"https:\/\/3mas1r.com\/test\/lig\/wp-json\/wp\/v2\/comments?post=617"}],"version-history":[{"count":34,"href":"https:\/\/3mas1r.com\/test\/lig\/wp-json\/wp\/v2\/pages\/617\/revisions"}],"predecessor-version":[{"id":1404,"href":"https:\/\/3mas1r.com\/test\/lig\/wp-json\/wp\/v2\/pages\/617\/revisions\/1404"}],"wp:attachment":[{"href":"https:\/\/3mas1r.com\/test\/lig\/wp-json\/wp\/v2\/media?parent=617"}],"curies":[{"name":"wp","href":"https:\/\/api.w.org\/{rel}","templated":true}]}}