{"id":609,"date":"2025-06-21T03:39:15","date_gmt":"2025-06-21T03:39:15","guid":{"rendered":"https:\/\/3mas1r.com\/test\/lig\/?page_id=609"},"modified":"2026-02-06T01:38:48","modified_gmt":"2026-02-06T01:38:48","slug":"experto-en-operaciones-ior-y-eor-para-no-residentes-en-colombia","status":"publish","type":"page","link":"https:\/\/3mas1r.com\/test\/lig\/experto-en-operaciones-ior-y-eor-para-no-residentes-en-colombia\/","title":{"rendered":"Experto en operaciones IOR y EOR para no residentes en Colombia"},"content":{"rendered":"\t\t<div data-elementor-type=\"wp-page\" data-elementor-id=\"609\" class=\"elementor elementor-609\" data-elementor-post-type=\"page\">\n\t\t\t\t<div class=\"elementor-element elementor-element-d667089 e-con-full e-flex e-con e-parent\" data-id=\"d667089\" data-element_type=\"container\" data-e-type=\"container\">\n\t\t\t\t<div class=\"elementor-element elementor-element-f8870f5 elementor-widget elementor-widget-heading\" data-id=\"f8870f5\" data-element_type=\"widget\" data-e-type=\"widget\" data-widget_type=\"heading.default\">\n\t\t\t\t\t<h1 class=\"elementor-heading-title elementor-size-default\">Experto en operaciones\nIOR y EOR para no residentes en Colombia\n<\/h1>\t\t\t\t<\/div>\n\t\t\t\t<\/div>\n\t\t<div class=\"elementor-element elementor-element-c76468c e-flex e-con-boxed e-con e-parent\" data-id=\"c76468c\" data-element_type=\"container\" data-e-type=\"container\" data-settings=\"{&quot;background_background&quot;:&quot;classic&quot;}\">\n\t\t\t\t\t<div class=\"e-con-inner\">\n\t\t<div class=\"elementor-element elementor-element-55a96d6 e-con-full e-flex e-con e-child\" data-id=\"55a96d6\" data-element_type=\"container\" data-e-type=\"container\">\n\t\t\t\t<div class=\"elementor-element elementor-element-14fa3b4 elementor-widget elementor-widget-image\" data-id=\"14fa3b4\" data-element_type=\"widget\" data-e-type=\"widget\" data-widget_type=\"image.default\">\n\t\t\t\t\t\t\t\t\t\t\t\t\t\t\t<img fetchpriority=\"high\" decoding=\"async\" width=\"800\" height=\"800\" src=\"https:\/\/3mas1r.com\/test\/lig\/wp-content\/uploads\/2025\/06\/servicio-4.avif\" class=\"attachment-large size-large wp-image-439\" alt=\"\" srcset=\"https:\/\/3mas1r.com\/test\/lig\/wp-content\/uploads\/2025\/06\/servicio-4.avif 1024w, https:\/\/3mas1r.com\/test\/lig\/wp-content\/uploads\/2025\/06\/servicio-4-300x300.avif 300w, https:\/\/3mas1r.com\/test\/lig\/wp-content\/uploads\/2025\/06\/servicio-4-150x150.avif 150w, https:\/\/3mas1r.com\/test\/lig\/wp-content\/uploads\/2025\/06\/servicio-4-768x768.avif 768w\" sizes=\"(max-width: 800px) 100vw, 800px\" \/>\t\t\t\t\t\t\t\t\t\t\t\t\t\t\t<\/div>\n\t\t\t\t<\/div>\n\t\t<div class=\"elementor-element elementor-element-3cd6995 e-con-full e-flex e-con e-child\" data-id=\"3cd6995\" data-element_type=\"container\" data-e-type=\"container\">\n\t\t\t\t<div class=\"elementor-element elementor-element-26e5e76 elementor-widget elementor-widget-text-editor\" data-id=\"26e5e76\" data-element_type=\"widget\" data-e-type=\"widget\" data-widget_type=\"text-editor.default\">\n\t\t\t\t\t\t\t\t\t<p><img decoding=\"async\" class=\" wp-image-340 alignleft\" src=\"https:\/\/3mas1r.com\/test\/lig\/wp-content\/uploads\/2025\/06\/Servi_4.svg\" alt=\"\" width=\"93\" height=\"88\" \/><\/p><p data-start=\"70\" data-end=\"397\">En el comercio internacional, cada detalle cuenta, y contar con un aliado experto marca la diferencia. Nuestras soluciones como <strong data-start=\"198\" data-end=\"284\">IOR (Importer of Record) y EOR (Exporter of Record) para no residentes en Colombia<\/strong> garantizan que tus operaciones aduaneras se realicen de forma segura, \u00e1gil y 100% conforme a la normativa local.<\/p><p data-start=\"399\" data-end=\"570\">Actuamos como tu representante legal ante las autoridades colombianas, asumiendo la responsabilidad total de tus mercanc\u00edas tanto en su ingreso como en su salida del pa\u00eds:<\/p><ul data-start=\"572\" data-end=\"935\"><li data-start=\"572\" data-end=\"782\"><p data-start=\"574\" data-end=\"782\"><strong data-start=\"574\" data-end=\"603\">IOR \u2013 Importer of Record:<\/strong> Nos encargamos de que tus productos ingresen a Colombia cumpliendo todos los requisitos legales, tributarios y regulatorios, incluso si no tienes presencia jur\u00eddica en el pa\u00eds.<\/p><\/li><li data-start=\"783\" data-end=\"935\"><p data-start=\"785\" data-end=\"935\"><strong data-start=\"785\" data-end=\"814\">EOR \u2013 Exporter of Record:<\/strong> Gestionamos la salida de tus mercanc\u00edas al exterior, asegurando procesos transparentes, trazables y sin riesgos legales.<\/p><\/li><\/ul><p data-start=\"937\" data-end=\"1064\">Con nuestra experiencia, t\u00fa te concentras en hacer crecer tu negocio mientras nosotros nos ocupamos de la complejidad aduanera.<\/p><p data-start=\"1066\" data-end=\"1211\" data-is-last-node=\"\" data-is-only-node=\"\">\ud83d\udc49 <strong data-start=\"1069\" data-end=\"1211\" data-is-last-node=\"\">\u00bfListo para operar en Colombia sin barreras ni complicaciones? Escr\u00edbenos hoy y recibe asesor\u00eda personalizada para tu operaci\u00f3n IOR y EOR.<\/strong><\/p><p><img decoding=\"async\" class=\"wp-image-97 alignright\" src=\"https:\/\/3mas1r.com\/test\/lig\/wp-content\/uploads\/2025\/06\/LIG-ZF111-2-294x300.webp\" alt=\"\" width=\"67\" height=\"68\" srcset=\"https:\/\/3mas1r.com\/test\/lig\/wp-content\/uploads\/2025\/06\/LIG-ZF111-2-294x300.webp 294w, https:\/\/3mas1r.com\/test\/lig\/wp-content\/uploads\/2025\/06\/LIG-ZF111-2-150x150.webp 150w, https:\/\/3mas1r.com\/test\/lig\/wp-content\/uploads\/2025\/06\/LIG-ZF111-2.webp 548w\" sizes=\"(max-width: 67px) 100vw, 67px\" \/><\/p>\t\t\t\t\t\t\t\t<\/div>\n\t\t\t\t<\/div>\n\t\t\t\t\t<\/div>\n\t\t\t\t<\/div>\n\t\t<div class=\"elementor-element elementor-element-c4d6adb e-flex e-con-boxed e-con e-parent\" data-id=\"c4d6adb\" data-element_type=\"container\" data-e-type=\"container\">\n\t\t\t\t\t<div class=\"e-con-inner\">\n\t\t\t\t<div class=\"elementor-element elementor-element-12756b3 elementor-widget elementor-widget-heading\" data-id=\"12756b3\" data-element_type=\"widget\" data-e-type=\"widget\" data-widget_type=\"heading.default\">\n\t\t\t\t\t<h2 class=\"elementor-heading-title elementor-size-default\">Solicita aqu\u00ed tu cotizaci\u00f3n<\/h2>\t\t\t\t<\/div>\n\t\t\t\t<div class=\"elementor-element elementor-element-c850cf6 elementor-widget elementor-widget-shortcode\" data-id=\"c850cf6\" data-element_type=\"widget\" data-e-type=\"widget\" data-widget_type=\"shortcode.default\">\n\t\t\t\t\t\t\t<div class=\"elementor-shortcode\">\n<div class=\"wpcf7 no-js\" id=\"wpcf7-f1129-o1\" lang=\"es-ES\" dir=\"ltr\" data-wpcf7-id=\"1129\">\n<div class=\"screen-reader-response\"><p role=\"status\" aria-live=\"polite\" aria-atomic=\"true\"><\/p> <ul><\/ul><\/div>\n<form action=\"\/test\/lig\/wp-json\/wp\/v2\/pages\/609#wpcf7-f1129-o1\" method=\"post\" class=\"wpcf7-form init\" aria-label=\"Formulario de contacto\" novalidate=\"novalidate\" data-status=\"init\">\n<fieldset class=\"hidden-fields-container\"><input type=\"hidden\" name=\"_wpcf7\" value=\"1129\" \/><input type=\"hidden\" name=\"_wpcf7_version\" value=\"6.1.5\" \/><input type=\"hidden\" name=\"_wpcf7_locale\" value=\"es_ES\" \/><input type=\"hidden\" name=\"_wpcf7_unit_tag\" value=\"wpcf7-f1129-o1\" \/><input type=\"hidden\" name=\"_wpcf7_container_post\" value=\"0\" \/><input type=\"hidden\" name=\"_wpcf7_posted_data_hash\" value=\"\" \/>\n<\/fieldset>\n<div class=\"cotizacion-form\">\n\t<div class=\"form-row form-row-2cols\">\n\t\t<div class=\"form-col\">\n\t\t\t<p><label class=\"form-label\">Nombre completo *<\/label><br \/>\n<span class=\"wpcf7-form-control-wrap\" data-name=\"nombre\"><input size=\"40\" maxlength=\"400\" class=\"wpcf7-form-control wpcf7-text wpcf7-validates-as-required form-input\" aria-required=\"true\" aria-invalid=\"false\" placeholder=\"Juan P\u00e9rez\" value=\"\" type=\"text\" name=\"nombre\" \/><\/span>\n\t\t\t<\/p>\n\t\t<\/div>\n\t\t<div class=\"form-col\">\n\t\t\t<p><label class=\"form-label\">Correo electr\u00f3nico *<\/label><br \/>\n<span class=\"wpcf7-form-control-wrap\" data-name=\"correo\"><input size=\"40\" maxlength=\"400\" class=\"wpcf7-form-control wpcf7-email wpcf7-validates-as-required wpcf7-text wpcf7-validates-as-email form-input\" aria-required=\"true\" aria-invalid=\"false\" placeholder=\"tu@email.com\" value=\"\" type=\"email\" name=\"correo\" \/><\/span>\n\t\t\t<\/p>\n\t\t<\/div>\n\t<\/div>\n\t<div class=\"form-row form-row-2cols\">\n\t\t<div class=\"form-col\">\n\t\t\t<p><label class=\"form-label\">Empresa *<\/label><br \/>\n<span class=\"wpcf7-form-control-wrap\" data-name=\"empresa\"><input size=\"40\" maxlength=\"400\" class=\"wpcf7-form-control wpcf7-text wpcf7-validates-as-required form-input\" aria-required=\"true\" aria-invalid=\"false\" placeholder=\"Nombre de tu empresa\" value=\"\" type=\"text\" name=\"empresa\" \/><\/span>\n\t\t\t<\/p>\n\t\t<\/div>\n\t\t<div class=\"form-col\">\n\t\t\t<p><label class=\"form-label\">Tel\u00e9fono<\/label><br \/>\n<span class=\"wpcf7-form-control-wrap\" data-name=\"telefono\"><input size=\"40\" maxlength=\"400\" class=\"wpcf7-form-control wpcf7-tel wpcf7-text wpcf7-validates-as-tel form-input\" aria-invalid=\"false\" placeholder=\"+57 300 123 4567\" value=\"\" type=\"tel\" name=\"telefono\" \/><\/span>\n\t\t\t<\/p>\n\t\t<\/div>\n\t<\/div>\n\t<div class=\"form-row form-row-2cols\">\n\t\t<div class=\"form-col\">\n\t\t\t<p><label class=\"form-label\">Pa\u00eds de origen *<\/label><br \/>\n<span class=\"wpcf7-form-control-wrap\" data-name=\"pais_origen\"><input size=\"40\" maxlength=\"400\" class=\"wpcf7-form-control wpcf7-text wpcf7-validates-as-required form-input\" aria-required=\"true\" aria-invalid=\"false\" placeholder=\"Colombia\" value=\"\" type=\"text\" name=\"pais_origen\" \/><\/span>\n\t\t\t<\/p>\n\t\t<\/div>\n\t<\/div>\n\t<div class=\"form-row form-row-2cols\">\n\t\t<div class=\"form-col\">\n\t\t\t<p><label class=\"form-label\">Mensaje *<\/label><br \/>\n<span class=\"wpcf7-form-control-wrap\" data-name=\"mensaje\"><textarea cols=\"40\" rows=\"8\" maxlength=\"2000\" class=\"wpcf7-form-control wpcf7-textarea wpcf7-validates-as-required form-textarea\" aria-required=\"true\" aria-invalid=\"false\" placeholder=\"Escribe tu mensaje aqu\u00ed...\" name=\"mensaje\"><\/textarea><\/span>\n\t\t\t<\/p>\n\t\t<\/div>\n\t\t<div class=\"form-col\">\n\t\t\t<p><label class=\"form-label\">Servicios requeridos *<\/label>\n\t\t\t<\/p>\n\t\t\t<div class=\"form-checkbox-group\">\n\t\t\t\t<p><span class=\"wpcf7-form-control-wrap\" data-name=\"servicio\"><span class=\"wpcf7-form-control wpcf7-checkbox wpcf7-validates-as-required\"><span class=\"wpcf7-list-item first\"><label><input type=\"checkbox\" name=\"servicio[]\" value=\"Asesor\u00eda en Comercio Exterior\" \/><span class=\"wpcf7-list-item-label\">Asesor\u00eda en Comercio Exterior<\/span><\/label><\/span><span class=\"wpcf7-list-item\"><label><input type=\"checkbox\" name=\"servicio[]\" value=\"Coordinaci\u00f3n de Agenciamiento Aduanero\" \/><span class=\"wpcf7-list-item-label\">Coordinaci\u00f3n de Agenciamiento Aduanero<\/span><\/label><\/span><span class=\"wpcf7-list-item\"><label><input type=\"checkbox\" name=\"servicio[]\" value=\"Gesti\u00f3n y control de inventario en la zona franca Exennta, Gachancip\u00e1\" \/><span class=\"wpcf7-list-item-label\">Gesti\u00f3n y control de inventario en la zona franca Exennta, Gachancip\u00e1<\/span><\/label><\/span><span class=\"wpcf7-list-item\"><label><input type=\"checkbox\" name=\"servicio[]\" value=\"Gesti\u00f3n y control de Inventarios en Zona Franca Bogot\u00e1, Bodega y Patio\" \/><span class=\"wpcf7-list-item-label\">Gesti\u00f3n y control de Inventarios en Zona Franca Bogot\u00e1, Bodega y Patio<\/span><\/label><\/span><span class=\"wpcf7-list-item\"><label><input type=\"checkbox\" name=\"servicio[]\" value=\"Experto en operaciones IOR y EOR para no residentes en Colombia\" \/><span class=\"wpcf7-list-item-label\">Experto en operaciones IOR y EOR para no residentes en Colombia<\/span><\/label><\/span><span class=\"wpcf7-list-item last\"><label><input type=\"checkbox\" name=\"servicio[]\" value=\"Coordinaci\u00f3n de transporte a nivel local y nacional\" \/><span class=\"wpcf7-list-item-label\">Coordinaci\u00f3n de transporte a nivel local y nacional<\/span><\/label><\/span><\/span><\/span>\n\t\t\t\t<\/p>\n\t\t\t<\/div>\n\t\t<\/div>\n\t<input class=\"wpcf7-form-control wpcf7-hidden\" value=\"\" type=\"hidden\" name=\"asunto-pagina\" \/>\n\t\t<div class=\"form-row\">\n\t\t\t<p><input class=\"wpcf7-form-control wpcf7-submit has-spinner form-submit\" type=\"submit\" value=\"Enviar mensaje\" \/>\n\t\t\t<\/p>\n\t\t<\/div>\n\t<\/div>\n<\/div><div class=\"wpcf7-response-output\" aria-hidden=\"true\"><\/div>\n<\/form>\n<\/div>\n<\/div>\n\t\t\t\t\t\t<\/div>\n\t\t\t\t\t<\/div>\n\t\t\t\t<\/div>\n\t\t\t\t<\/div>\n\t\t","protected":false},"excerpt":{"rendered":"<p>Experto en operaciones IOR y EOR para no residentes en Colombia En el comercio internacional, cada detalle cuenta, y contar con un aliado experto marca la diferencia. Nuestras soluciones como IOR (Importer of Record) y EOR (Exporter of Record) para no residentes en Colombia garantizan que tus operaciones aduaneras se realicen de forma segura, \u00e1gil [&hellip;]<\/p>\n","protected":false},"author":1,"featured_media":0,"parent":0,"menu_order":0,"comment_status":"closed","ping_status":"closed","template":"","meta":{"footnotes":""},"class_list":["post-609","page","type-page","status-publish","hentry"],"_links":{"self":[{"href":"https:\/\/3mas1r.com\/test\/lig\/wp-json\/wp\/v2\/pages\/609","targetHints":{"allow":["GET"]}}],"collection":[{"href":"https:\/\/3mas1r.com\/test\/lig\/wp-json\/wp\/v2\/pages"}],"about":[{"href":"https:\/\/3mas1r.com\/test\/lig\/wp-json\/wp\/v2\/types\/page"}],"author":[{"embeddable":true,"href":"https:\/\/3mas1r.com\/test\/lig\/wp-json\/wp\/v2\/users\/1"}],"replies":[{"embeddable":true,"href":"https:\/\/3mas1r.com\/test\/lig\/wp-json\/wp\/v2\/comments?post=609"}],"version-history":[{"count":27,"href":"https:\/\/3mas1r.com\/test\/lig\/wp-json\/wp\/v2\/pages\/609\/revisions"}],"predecessor-version":[{"id":1410,"href":"https:\/\/3mas1r.com\/test\/lig\/wp-json\/wp\/v2\/pages\/609\/revisions\/1410"}],"wp:attachment":[{"href":"https:\/\/3mas1r.com\/test\/lig\/wp-json\/wp\/v2\/media?parent=609"}],"curies":[{"name":"wp","href":"https:\/\/api.w.org\/{rel}","templated":true}]}}