{"id":585,"date":"2025-06-21T02:32:24","date_gmt":"2025-06-21T02:32:24","guid":{"rendered":"https:\/\/3mas1r.com\/test\/lig\/?page_id=585"},"modified":"2026-02-06T01:26:16","modified_gmt":"2026-02-06T01:26:16","slug":"coordinacion-deagenciamiento-aduanero","status":"publish","type":"page","link":"https:\/\/3mas1r.com\/test\/lig\/coordinacion-deagenciamiento-aduanero\/","title":{"rendered":"Coordinaci\u00f3n de Agenciamiento Aduanero"},"content":{"rendered":"\t\t<div data-elementor-type=\"wp-page\" data-elementor-id=\"585\" class=\"elementor elementor-585\" data-elementor-post-type=\"page\">\n\t\t\t\t<div class=\"elementor-element elementor-element-44b82c0 e-con-full e-flex e-con e-parent\" data-id=\"44b82c0\" data-element_type=\"container\" data-e-type=\"container\">\n\t\t\t\t<div class=\"elementor-element elementor-element-fdadce0 elementor-widget elementor-widget-heading\" data-id=\"fdadce0\" data-element_type=\"widget\" data-e-type=\"widget\" data-widget_type=\"heading.default\">\n\t\t\t\t\t<h1 class=\"elementor-heading-title elementor-size-default\">Coordinaci\u00f3n de\nAgenciamiento Aduanero<\/h1>\t\t\t\t<\/div>\n\t\t\t\t<\/div>\n\t\t<div class=\"elementor-element elementor-element-ca5e786 e-flex e-con-boxed e-con e-parent\" data-id=\"ca5e786\" data-element_type=\"container\" data-e-type=\"container\" data-settings=\"{&quot;background_background&quot;:&quot;classic&quot;}\">\n\t\t\t\t\t<div class=\"e-con-inner\">\n\t\t<div class=\"elementor-element elementor-element-c4b4794 e-con-full e-flex e-con e-child\" data-id=\"c4b4794\" data-element_type=\"container\" data-e-type=\"container\">\n\t\t\t\t<div class=\"elementor-element elementor-element-898e59b elementor-widget elementor-widget-image\" data-id=\"898e59b\" data-element_type=\"widget\" data-e-type=\"widget\" data-widget_type=\"image.default\">\n\t\t\t\t\t\t\t\t\t\t\t\t\t\t\t<img fetchpriority=\"high\" decoding=\"async\" width=\"800\" height=\"800\" src=\"https:\/\/3mas1r.com\/test\/lig\/wp-content\/uploads\/2025\/06\/servicio-6.png\" class=\"attachment-large size-large wp-image-592\" alt=\"\" srcset=\"https:\/\/3mas1r.com\/test\/lig\/wp-content\/uploads\/2025\/06\/servicio-6.png 1024w, https:\/\/3mas1r.com\/test\/lig\/wp-content\/uploads\/2025\/06\/servicio-6-300x300.png 300w, https:\/\/3mas1r.com\/test\/lig\/wp-content\/uploads\/2025\/06\/servicio-6-150x150.png 150w, https:\/\/3mas1r.com\/test\/lig\/wp-content\/uploads\/2025\/06\/servicio-6-768x768.png 768w\" sizes=\"(max-width: 800px) 100vw, 800px\" \/>\t\t\t\t\t\t\t\t\t\t\t\t\t\t\t<\/div>\n\t\t\t\t<\/div>\n\t\t<div class=\"elementor-element elementor-element-bc29896 e-con-full e-flex e-con e-child\" data-id=\"bc29896\" data-element_type=\"container\" data-e-type=\"container\">\n\t\t\t\t<div class=\"elementor-element elementor-element-aac3b0e elementor-widget elementor-widget-text-editor\" data-id=\"aac3b0e\" data-element_type=\"widget\" data-e-type=\"widget\" data-widget_type=\"text-editor.default\">\n\t\t\t\t\t\t\t\t\t<p><img decoding=\"async\" class=\" wp-image-340 alignleft\" src=\"https:\/\/3mas1r.com\/test\/lig\/wp-content\/uploads\/2025\/06\/Servi_2.svg\" alt=\"\" width=\"93\" height=\"88\" \/><\/p><p>En LIG ZF, sabemos que la <strong>gesti\u00f3n aduanera eficiente es clave para el \u00e9xito de sus operaciones de comercio exterior<\/strong>. Por eso, ofrecemos un servicio especializado de <strong>coordinaci\u00f3n de agenciamiento aduanero en alianza estrat\u00e9gica con la<\/strong> AGENCIA DE ADUANAS SIACO NIVEL I, una de las agencias de aduanas m\u00e1s reconocidas y confiables del pa\u00eds.<\/p><p>Nuestro equipo en LIG ZF act\u00faa como su <strong>punto \u00fanico de contacto<\/strong>, simplificando el proceso y garantizando una comunicaci\u00f3n personalizada, fluida y efectiva en sus tr\u00e1mites aduaneros.<\/p><p>Con esta sinergia entre LIG ZF y SIACO, usted se beneficia de la <strong>experiencia y el conocimiento profundo de ambas empresas<\/strong>, asegurando un <strong>despacho aduanero r\u00e1pido, preciso y sin complicaciones<\/strong>. D\u00e9jenos manejar la complejidad, mientras usted se enfoca en el crecimiento de su negocio.<\/p><p><img decoding=\"async\" class=\"wp-image-97 alignright\" src=\"https:\/\/3mas1r.com\/test\/lig\/wp-content\/uploads\/2025\/06\/LIG-ZF111-2-294x300.webp\" alt=\"\" width=\"67\" height=\"68\" srcset=\"https:\/\/3mas1r.com\/test\/lig\/wp-content\/uploads\/2025\/06\/LIG-ZF111-2-294x300.webp 294w, https:\/\/3mas1r.com\/test\/lig\/wp-content\/uploads\/2025\/06\/LIG-ZF111-2-150x150.webp 150w, https:\/\/3mas1r.com\/test\/lig\/wp-content\/uploads\/2025\/06\/LIG-ZF111-2.webp 548w\" sizes=\"(max-width: 67px) 100vw, 67px\" \/><\/p>\t\t\t\t\t\t\t\t<\/div>\n\t\t\t\t<\/div>\n\t\t\t\t\t<\/div>\n\t\t\t\t<\/div>\n\t\t<div class=\"elementor-element elementor-element-7a1c699 e-flex e-con-boxed e-con e-parent\" data-id=\"7a1c699\" data-element_type=\"container\" data-e-type=\"container\">\n\t\t\t\t\t<div class=\"e-con-inner\">\n\t\t\t\t<div class=\"elementor-element elementor-element-b9a6a2c elementor-widget elementor-widget-heading\" data-id=\"b9a6a2c\" data-element_type=\"widget\" data-e-type=\"widget\" data-widget_type=\"heading.default\">\n\t\t\t\t\t<h2 class=\"elementor-heading-title elementor-size-default\">Solicita aqu\u00ed tu cotizaci\u00f3n<\/h2>\t\t\t\t<\/div>\n\t\t\t\t<div class=\"elementor-element elementor-element-9640863 elementor-widget elementor-widget-shortcode\" data-id=\"9640863\" data-element_type=\"widget\" data-e-type=\"widget\" data-widget_type=\"shortcode.default\">\n\t\t\t\t\t\t\t<div class=\"elementor-shortcode\">\n<div class=\"wpcf7 no-js\" id=\"wpcf7-f1129-o1\" lang=\"es-ES\" dir=\"ltr\" data-wpcf7-id=\"1129\">\n<div class=\"screen-reader-response\"><p role=\"status\" aria-live=\"polite\" aria-atomic=\"true\"><\/p> <ul><\/ul><\/div>\n<form action=\"\/test\/lig\/wp-json\/wp\/v2\/pages\/585#wpcf7-f1129-o1\" method=\"post\" class=\"wpcf7-form init\" aria-label=\"Formulario de contacto\" novalidate=\"novalidate\" data-status=\"init\">\n<fieldset class=\"hidden-fields-container\"><input type=\"hidden\" name=\"_wpcf7\" value=\"1129\" \/><input type=\"hidden\" name=\"_wpcf7_version\" value=\"6.1.5\" \/><input type=\"hidden\" name=\"_wpcf7_locale\" value=\"es_ES\" \/><input type=\"hidden\" name=\"_wpcf7_unit_tag\" value=\"wpcf7-f1129-o1\" \/><input type=\"hidden\" name=\"_wpcf7_container_post\" value=\"0\" \/><input type=\"hidden\" name=\"_wpcf7_posted_data_hash\" value=\"\" \/>\n<\/fieldset>\n<div class=\"cotizacion-form\">\n\t<div class=\"form-row form-row-2cols\">\n\t\t<div class=\"form-col\">\n\t\t\t<p><label class=\"form-label\">Nombre completo *<\/label><br \/>\n<span class=\"wpcf7-form-control-wrap\" data-name=\"nombre\"><input size=\"40\" maxlength=\"400\" class=\"wpcf7-form-control wpcf7-text wpcf7-validates-as-required form-input\" aria-required=\"true\" aria-invalid=\"false\" placeholder=\"Juan P\u00e9rez\" value=\"\" type=\"text\" name=\"nombre\" \/><\/span>\n\t\t\t<\/p>\n\t\t<\/div>\n\t\t<div class=\"form-col\">\n\t\t\t<p><label class=\"form-label\">Correo electr\u00f3nico *<\/label><br \/>\n<span class=\"wpcf7-form-control-wrap\" data-name=\"correo\"><input size=\"40\" maxlength=\"400\" class=\"wpcf7-form-control wpcf7-email wpcf7-validates-as-required wpcf7-text wpcf7-validates-as-email form-input\" aria-required=\"true\" aria-invalid=\"false\" placeholder=\"tu@email.com\" value=\"\" type=\"email\" name=\"correo\" \/><\/span>\n\t\t\t<\/p>\n\t\t<\/div>\n\t<\/div>\n\t<div class=\"form-row form-row-2cols\">\n\t\t<div class=\"form-col\">\n\t\t\t<p><label class=\"form-label\">Empresa *<\/label><br \/>\n<span class=\"wpcf7-form-control-wrap\" data-name=\"empresa\"><input size=\"40\" maxlength=\"400\" class=\"wpcf7-form-control wpcf7-text wpcf7-validates-as-required form-input\" aria-required=\"true\" aria-invalid=\"false\" placeholder=\"Nombre de tu empresa\" value=\"\" type=\"text\" name=\"empresa\" \/><\/span>\n\t\t\t<\/p>\n\t\t<\/div>\n\t\t<div class=\"form-col\">\n\t\t\t<p><label class=\"form-label\">Tel\u00e9fono<\/label><br \/>\n<span class=\"wpcf7-form-control-wrap\" data-name=\"telefono\"><input size=\"40\" maxlength=\"400\" class=\"wpcf7-form-control wpcf7-tel wpcf7-text wpcf7-validates-as-tel form-input\" aria-invalid=\"false\" placeholder=\"+57 300 123 4567\" value=\"\" type=\"tel\" name=\"telefono\" \/><\/span>\n\t\t\t<\/p>\n\t\t<\/div>\n\t<\/div>\n\t<div class=\"form-row form-row-2cols\">\n\t\t<div class=\"form-col\">\n\t\t\t<p><label class=\"form-label\">Pa\u00eds de origen *<\/label><br \/>\n<span class=\"wpcf7-form-control-wrap\" data-name=\"pais_origen\"><input size=\"40\" maxlength=\"400\" class=\"wpcf7-form-control wpcf7-text wpcf7-validates-as-required form-input\" aria-required=\"true\" aria-invalid=\"false\" placeholder=\"Colombia\" value=\"\" type=\"text\" name=\"pais_origen\" \/><\/span>\n\t\t\t<\/p>\n\t\t<\/div>\n\t<\/div>\n\t<div class=\"form-row form-row-2cols\">\n\t\t<div class=\"form-col\">\n\t\t\t<p><label class=\"form-label\">Mensaje *<\/label><br \/>\n<span class=\"wpcf7-form-control-wrap\" data-name=\"mensaje\"><textarea cols=\"40\" rows=\"8\" maxlength=\"2000\" class=\"wpcf7-form-control wpcf7-textarea wpcf7-validates-as-required form-textarea\" aria-required=\"true\" aria-invalid=\"false\" placeholder=\"Escribe tu mensaje aqu\u00ed...\" name=\"mensaje\"><\/textarea><\/span>\n\t\t\t<\/p>\n\t\t<\/div>\n\t\t<div class=\"form-col\">\n\t\t\t<p><label class=\"form-label\">Servicios requeridos *<\/label>\n\t\t\t<\/p>\n\t\t\t<div class=\"form-checkbox-group\">\n\t\t\t\t<p><span class=\"wpcf7-form-control-wrap\" data-name=\"servicio\"><span class=\"wpcf7-form-control wpcf7-checkbox wpcf7-validates-as-required\"><span class=\"wpcf7-list-item first\"><label><input type=\"checkbox\" name=\"servicio[]\" value=\"Asesor\u00eda en Comercio Exterior\" \/><span class=\"wpcf7-list-item-label\">Asesor\u00eda en Comercio Exterior<\/span><\/label><\/span><span class=\"wpcf7-list-item\"><label><input type=\"checkbox\" name=\"servicio[]\" value=\"Coordinaci\u00f3n de Agenciamiento Aduanero\" \/><span class=\"wpcf7-list-item-label\">Coordinaci\u00f3n de Agenciamiento Aduanero<\/span><\/label><\/span><span class=\"wpcf7-list-item\"><label><input type=\"checkbox\" name=\"servicio[]\" value=\"Gesti\u00f3n y control de inventario en la zona franca Exennta, Gachancip\u00e1\" \/><span class=\"wpcf7-list-item-label\">Gesti\u00f3n y control de inventario en la zona franca Exennta, Gachancip\u00e1<\/span><\/label><\/span><span class=\"wpcf7-list-item\"><label><input type=\"checkbox\" name=\"servicio[]\" value=\"Gesti\u00f3n y control de Inventarios en Zona Franca Bogot\u00e1, Bodega y Patio\" \/><span class=\"wpcf7-list-item-label\">Gesti\u00f3n y control de Inventarios en Zona Franca Bogot\u00e1, Bodega y Patio<\/span><\/label><\/span><span class=\"wpcf7-list-item\"><label><input type=\"checkbox\" name=\"servicio[]\" value=\"Experto en operaciones IOR y EOR para no residentes en Colombia\" \/><span class=\"wpcf7-list-item-label\">Experto en operaciones IOR y EOR para no residentes en Colombia<\/span><\/label><\/span><span class=\"wpcf7-list-item last\"><label><input type=\"checkbox\" name=\"servicio[]\" value=\"Coordinaci\u00f3n de transporte a nivel local y nacional\" \/><span class=\"wpcf7-list-item-label\">Coordinaci\u00f3n de transporte a nivel local y nacional<\/span><\/label><\/span><\/span><\/span>\n\t\t\t\t<\/p>\n\t\t\t<\/div>\n\t\t<\/div>\n\t<input class=\"wpcf7-form-control wpcf7-hidden\" value=\"\" type=\"hidden\" name=\"asunto-pagina\" \/>\n\t\t<div class=\"form-row\">\n\t\t\t<p><input class=\"wpcf7-form-control wpcf7-submit has-spinner form-submit\" type=\"submit\" value=\"Enviar mensaje\" \/>\n\t\t\t<\/p>\n\t\t<\/div>\n\t<\/div>\n<\/div><div class=\"wpcf7-response-output\" aria-hidden=\"true\"><\/div>\n<\/form>\n<\/div>\n<\/div>\n\t\t\t\t\t\t<\/div>\n\t\t\t\t\t<\/div>\n\t\t\t\t<\/div>\n\t\t\t\t<\/div>\n\t\t","protected":false},"excerpt":{"rendered":"<p>Coordinaci\u00f3n de Agenciamiento Aduanero En LIG ZF, sabemos que la gesti\u00f3n aduanera eficiente es clave para el \u00e9xito de sus operaciones de comercio exterior. Por eso, ofrecemos un servicio especializado de coordinaci\u00f3n de agenciamiento aduanero en alianza estrat\u00e9gica con la AGENCIA DE ADUANAS SIACO NIVEL I, una de las agencias de aduanas m\u00e1s reconocidas y [&hellip;]<\/p>\n","protected":false},"author":1,"featured_media":0,"parent":0,"menu_order":0,"comment_status":"closed","ping_status":"closed","template":"","meta":{"footnotes":""},"class_list":["post-585","page","type-page","status-publish","hentry"],"_links":{"self":[{"href":"https:\/\/3mas1r.com\/test\/lig\/wp-json\/wp\/v2\/pages\/585","targetHints":{"allow":["GET"]}}],"collection":[{"href":"https:\/\/3mas1r.com\/test\/lig\/wp-json\/wp\/v2\/pages"}],"about":[{"href":"https:\/\/3mas1r.com\/test\/lig\/wp-json\/wp\/v2\/types\/page"}],"author":[{"embeddable":true,"href":"https:\/\/3mas1r.com\/test\/lig\/wp-json\/wp\/v2\/users\/1"}],"replies":[{"embeddable":true,"href":"https:\/\/3mas1r.com\/test\/lig\/wp-json\/wp\/v2\/comments?post=585"}],"version-history":[{"count":26,"href":"https:\/\/3mas1r.com\/test\/lig\/wp-json\/wp\/v2\/pages\/585\/revisions"}],"predecessor-version":[{"id":1407,"href":"https:\/\/3mas1r.com\/test\/lig\/wp-json\/wp\/v2\/pages\/585\/revisions\/1407"}],"wp:attachment":[{"href":"https:\/\/3mas1r.com\/test\/lig\/wp-json\/wp\/v2\/media?parent=585"}],"curies":[{"name":"wp","href":"https:\/\/api.w.org\/{rel}","templated":true}]}}