{"id":117,"date":"2025-06-05T03:17:46","date_gmt":"2025-06-05T03:17:46","guid":{"rendered":"https:\/\/3mas1r.com\/test\/lig\/?page_id=117"},"modified":"2026-02-10T02:47:22","modified_gmt":"2026-02-10T02:47:22","slug":"forwarder","status":"publish","type":"page","link":"https:\/\/3mas1r.com\/test\/lig\/forwarder\/","title":{"rendered":"LIG FORWARDER"},"content":{"rendered":"\t\t<div data-elementor-type=\"wp-page\" data-elementor-id=\"117\" class=\"elementor elementor-117\" data-elementor-post-type=\"page\">\n\t\t\t\t<div class=\"elementor-element elementor-element-ce0bd24 e-con-full e-flex e-con e-parent\" data-id=\"ce0bd24\" data-element_type=\"container\" data-e-type=\"container\">\n\t\t\t\t<div class=\"elementor-element elementor-element-cbdfc9b elementor-widget elementor-widget-heading\" data-id=\"cbdfc9b\" data-element_type=\"widget\" data-e-type=\"widget\" data-widget_type=\"heading.default\">\n\t\t\t\t\t<h1 class=\"elementor-heading-title elementor-size-default\">LIG FORWARDER<\/h1>\t\t\t\t<\/div>\n\t\t\t\t<\/div>\n\t\t<div class=\"elementor-element elementor-element-5ac281d e-flex e-con-boxed e-con e-parent\" data-id=\"5ac281d\" data-element_type=\"container\" data-e-type=\"container\">\n\t\t\t\t\t<div class=\"e-con-inner\">\n\t\t\t\t<div class=\"elementor-element elementor-element-d7ca096 elementor-widget elementor-widget-text-editor\" data-id=\"d7ca096\" data-element_type=\"widget\" data-e-type=\"widget\" data-widget_type=\"text-editor.default\">\n\t\t\t\t\t\t\t\t\t<p><b>Hacemos parte de las siguientes redes a nivel mundial de agentes de aduanas:<\/b><b><\/b><\/p>\t\t\t\t\t\t\t\t<\/div>\n\t\t\t\t<div class=\"elementor-element elementor-element-98e8896 elementor-widget elementor-widget-text-editor\" data-id=\"98e8896\" data-element_type=\"widget\" data-e-type=\"widget\" data-widget_type=\"text-editor.default\">\n\t\t\t\t\t\t\t\t\t<p>Somos un agente de carga nacional e internacional y hacemos parte de la red de agentes log\u00edsticos Americas Alliance y Freight Lounge . Contamos con socios estrat\u00e9gicos globalmente para ofrecer tarifas competitivas con navieras y aerol\u00edneas, garantizando un servicio eficiente en el transporte internacional de carga, tanto en importaciones como en exportaciones.<\/p>\n<p>Contamos con certificaci\u00f3n IATA en Colombia y somo reconocidos como agente de carga por la DIAN mediante resoluci\u00f3n No. 010307 del 28\/11\/2013 C\u00f3digo: 698.<\/p>\n<p>Ofrecemos coordinaci\u00f3n de transporte a nivel local y nacional. Con experiencia en el manejo de cargas extra-dimensionadas como plantas industriales y equipo para datacenter.<\/p><center><br><\/center><p><\/p>\t\t\t\t\t\t\t\t<\/div>\n\t\t\t\t\t<\/div>\n\t\t\t\t<\/div>\n\t\t<div class=\"elementor-element elementor-element-d275a74 e-flex e-con-boxed e-con e-parent\" data-id=\"d275a74\" data-element_type=\"container\" data-e-type=\"container\">\n\t\t\t\t\t<div class=\"e-con-inner\">\n\t\t<div class=\"elementor-element elementor-element-a4e9f5a e-con-full e-flex e-con e-child\" data-id=\"a4e9f5a\" data-element_type=\"container\" data-e-type=\"container\">\n\t\t\t\t<div class=\"elementor-element elementor-element-ae88edc elementor-widget elementor-widget-image\" data-id=\"ae88edc\" data-element_type=\"widget\" data-e-type=\"widget\" data-widget_type=\"image.default\">\n\t\t\t\t\t\t\t\t\t\t\t\t\t\t\t<img decoding=\"async\" width=\"515\" height=\"89\" src=\"https:\/\/3mas1r.com\/test\/lig\/wp-content\/uploads\/2025\/06\/AME_ALI_Long.jpg\" class=\"attachment-full size-full wp-image-644\" alt=\"\" srcset=\"https:\/\/3mas1r.com\/test\/lig\/wp-content\/uploads\/2025\/06\/AME_ALI_Long.jpg 515w, https:\/\/3mas1r.com\/test\/lig\/wp-content\/uploads\/2025\/06\/AME_ALI_Long-300x52.jpg 300w\" sizes=\"(max-width: 515px) 100vw, 515px\" \/>\t\t\t\t\t\t\t\t\t\t\t\t\t\t\t<\/div>\n\t\t\t\t<div class=\"elementor-element elementor-element-3917660 elementor-widget elementor-widget-text-editor\" data-id=\"3917660\" data-element_type=\"widget\" data-e-type=\"widget\" data-widget_type=\"text-editor.default\">\n\t\t\t\t\t\t\t\t\t<p>Con 218 afiliados en 74 pa\u00edses.<\/p>\t\t\t\t\t\t\t\t<\/div>\n\t\t\t\t<\/div>\n\t\t<div class=\"elementor-element elementor-element-c7e1896 e-con-full e-flex e-con e-child\" data-id=\"c7e1896\" data-element_type=\"container\" data-e-type=\"container\">\n\t\t\t\t<div class=\"elementor-element elementor-element-0ad6af7 elementor-widget elementor-widget-image\" data-id=\"0ad6af7\" data-element_type=\"widget\" data-e-type=\"widget\" data-widget_type=\"image.default\">\n\t\t\t\t\t\t\t\t\t\t\t\t\t\t\t<img fetchpriority=\"high\" decoding=\"async\" width=\"800\" height=\"249\" src=\"https:\/\/3mas1r.com\/test\/lig\/wp-content\/uploads\/2025\/06\/Freight-Lounge-1024x319.webp\" class=\"attachment-large size-large wp-image-537\" alt=\"\" srcset=\"https:\/\/3mas1r.com\/test\/lig\/wp-content\/uploads\/2025\/06\/Freight-Lounge-1024x319.webp 1024w, https:\/\/3mas1r.com\/test\/lig\/wp-content\/uploads\/2025\/06\/Freight-Lounge-300x93.webp 300w, https:\/\/3mas1r.com\/test\/lig\/wp-content\/uploads\/2025\/06\/Freight-Lounge-768x239.webp 768w, https:\/\/3mas1r.com\/test\/lig\/wp-content\/uploads\/2025\/06\/Freight-Lounge.webp 1114w\" sizes=\"(max-width: 800px) 100vw, 800px\" \/>\t\t\t\t\t\t\t\t\t\t\t\t\t\t\t<\/div>\n\t\t\t\t<div class=\"elementor-element elementor-element-27dd1fc elementor-widget elementor-widget-text-editor\" data-id=\"27dd1fc\" data-element_type=\"widget\" data-e-type=\"widget\" data-widget_type=\"text-editor.default\">\n\t\t\t\t\t\t\t\t\t<p>Con 106 afiliados en 57 pa\u00edses<\/p>\t\t\t\t\t\t\t\t<\/div>\n\t\t\t\t<\/div>\n\t\t\t\t\t<\/div>\n\t\t\t\t<\/div>\n\t\t<div class=\"elementor-element elementor-element-b2f3427 e-flex e-con-boxed e-con e-parent\" data-id=\"b2f3427\" data-element_type=\"container\" data-e-type=\"container\">\n\t\t\t\t\t<div class=\"e-con-inner\">\n\t\t\t\t<div class=\"elementor-element elementor-element-02ef5ff elementor-widget elementor-widget-image\" data-id=\"02ef5ff\" data-element_type=\"widget\" data-e-type=\"widget\" data-widget_type=\"image.default\">\n\t\t\t\t\t\t\t\t\t\t\t\t\t\t\t<img decoding=\"async\" width=\"1387\" height=\"205\" src=\"https:\/\/3mas1r.com\/test\/lig\/wp-content\/uploads\/2025\/06\/LIG-FORWARDER_01.webp\" class=\"attachment-full size-full wp-image-132\" alt=\"\" srcset=\"https:\/\/3mas1r.com\/test\/lig\/wp-content\/uploads\/2025\/06\/LIG-FORWARDER_01.webp 1387w, https:\/\/3mas1r.com\/test\/lig\/wp-content\/uploads\/2025\/06\/LIG-FORWARDER_01-300x44.webp 300w, https:\/\/3mas1r.com\/test\/lig\/wp-content\/uploads\/2025\/06\/LIG-FORWARDER_01-1024x151.webp 1024w, https:\/\/3mas1r.com\/test\/lig\/wp-content\/uploads\/2025\/06\/LIG-FORWARDER_01-768x114.webp 768w\" sizes=\"(max-width: 1387px) 100vw, 1387px\" \/>\t\t\t\t\t\t\t\t\t\t\t\t\t\t\t<\/div>\n\t\t\t\t\t<\/div>\n\t\t\t\t<\/div>\n\t\t<div class=\"elementor-element elementor-element-bc6435d elementor-hidden-mobile e-flex e-con-boxed e-con e-parent\" data-id=\"bc6435d\" data-element_type=\"container\" data-e-type=\"container\">\n\t\t\t\t\t<div class=\"e-con-inner\">\n\t\t<div class=\"elementor-element elementor-element-698d997 e-con-full e-flex e-con e-child\" data-id=\"698d997\" data-element_type=\"container\" data-e-type=\"container\">\n\t\t\t\t<div class=\"elementor-element elementor-element-d4ad285 elementor-invisible elementor-widget elementor-widget-image\" data-id=\"d4ad285\" data-element_type=\"widget\" data-e-type=\"widget\" data-settings=\"{&quot;_animation&quot;:&quot;fadeInLeft&quot;}\" data-widget_type=\"image.default\">\n\t\t\t\t\t\t\t\t\t\t\t\t\t\t\t<img loading=\"lazy\" decoding=\"async\" width=\"453\" height=\"244\" src=\"https:\/\/3mas1r.com\/test\/lig\/wp-content\/uploads\/2025\/06\/LIG-FORWARDER_02.webp\" class=\"attachment-full size-full wp-image-133\" alt=\"\" srcset=\"https:\/\/3mas1r.com\/test\/lig\/wp-content\/uploads\/2025\/06\/LIG-FORWARDER_02.webp 453w, https:\/\/3mas1r.com\/test\/lig\/wp-content\/uploads\/2025\/06\/LIG-FORWARDER_02-300x162.webp 300w\" sizes=\"(max-width: 453px) 100vw, 453px\" \/>\t\t\t\t\t\t\t\t\t\t\t\t\t\t\t<\/div>\n\t\t\t\t<div class=\"elementor-element elementor-element-67f40dd elementor-invisible elementor-widget elementor-widget-image\" data-id=\"67f40dd\" data-element_type=\"widget\" data-e-type=\"widget\" data-settings=\"{&quot;_animation&quot;:&quot;fadeInLeft&quot;}\" data-widget_type=\"image.default\">\n\t\t\t\t\t\t\t\t\t\t\t\t\t\t\t<img loading=\"lazy\" decoding=\"async\" width=\"453\" height=\"240\" src=\"https:\/\/3mas1r.com\/test\/lig\/wp-content\/uploads\/2025\/06\/LIG-FORWARDER_04.webp\" class=\"attachment-large size-large wp-image-135\" alt=\"\" srcset=\"https:\/\/3mas1r.com\/test\/lig\/wp-content\/uploads\/2025\/06\/LIG-FORWARDER_04.webp 453w, https:\/\/3mas1r.com\/test\/lig\/wp-content\/uploads\/2025\/06\/LIG-FORWARDER_04-300x159.webp 300w\" sizes=\"(max-width: 453px) 100vw, 453px\" \/>\t\t\t\t\t\t\t\t\t\t\t\t\t\t\t<\/div>\n\t\t\t\t<div class=\"elementor-element elementor-element-6ada2ae elementor-invisible elementor-widget elementor-widget-image\" data-id=\"6ada2ae\" data-element_type=\"widget\" data-e-type=\"widget\" data-settings=\"{&quot;_animation&quot;:&quot;fadeInLeft&quot;}\" data-widget_type=\"image.default\">\n\t\t\t\t\t\t\t\t\t\t\t\t\t\t\t<img loading=\"lazy\" decoding=\"async\" width=\"453\" height=\"279\" src=\"https:\/\/3mas1r.com\/test\/lig\/wp-content\/uploads\/2025\/06\/LIG-FORWARDER_05.webp\" class=\"attachment-large size-large wp-image-136\" alt=\"\" srcset=\"https:\/\/3mas1r.com\/test\/lig\/wp-content\/uploads\/2025\/06\/LIG-FORWARDER_05.webp 453w, https:\/\/3mas1r.com\/test\/lig\/wp-content\/uploads\/2025\/06\/LIG-FORWARDER_05-300x185.webp 300w\" sizes=\"(max-width: 453px) 100vw, 453px\" \/>\t\t\t\t\t\t\t\t\t\t\t\t\t\t\t<\/div>\n\t\t\t\t<\/div>\n\t\t<div class=\"elementor-element elementor-element-1aa3b59 e-con-full e-flex e-con e-child\" data-id=\"1aa3b59\" data-element_type=\"container\" data-e-type=\"container\">\n\t\t\t\t<div class=\"elementor-element elementor-element-a6fe553 elementor-invisible elementor-widget elementor-widget-image\" data-id=\"a6fe553\" data-element_type=\"widget\" data-e-type=\"widget\" data-settings=\"{&quot;_animation&quot;:&quot;fadeIn&quot;}\" data-widget_type=\"image.default\">\n\t\t\t\t\t\t\t\t\t\t\t\t\t\t\t<img loading=\"lazy\" decoding=\"async\" width=\"934\" height=\"571\" src=\"https:\/\/3mas1r.com\/test\/lig\/wp-content\/uploads\/2025\/06\/LIG-FORWARDER_03.webp\" class=\"attachment-full size-full wp-image-134\" alt=\"\" srcset=\"https:\/\/3mas1r.com\/test\/lig\/wp-content\/uploads\/2025\/06\/LIG-FORWARDER_03.webp 934w, https:\/\/3mas1r.com\/test\/lig\/wp-content\/uploads\/2025\/06\/LIG-FORWARDER_03-300x183.webp 300w, https:\/\/3mas1r.com\/test\/lig\/wp-content\/uploads\/2025\/06\/LIG-FORWARDER_03-768x470.webp 768w\" sizes=\"(max-width: 934px) 100vw, 934px\" \/>\t\t\t\t\t\t\t\t\t\t\t\t\t\t\t<\/div>\n\t\t\t\t<div class=\"elementor-element elementor-element-df6af5f elementor-widget elementor-widget-image\" data-id=\"df6af5f\" data-element_type=\"widget\" data-e-type=\"widget\" data-widget_type=\"image.default\">\n\t\t\t\t\t\t\t\t\t\t\t\t\t\t\t<img loading=\"lazy\" decoding=\"async\" width=\"934\" height=\"192\" src=\"https:\/\/3mas1r.com\/test\/lig\/wp-content\/uploads\/2025\/06\/LIG-FORWARDER_06.webp\" class=\"attachment-full size-full wp-image-137\" alt=\"\" srcset=\"https:\/\/3mas1r.com\/test\/lig\/wp-content\/uploads\/2025\/06\/LIG-FORWARDER_06.webp 934w, https:\/\/3mas1r.com\/test\/lig\/wp-content\/uploads\/2025\/06\/LIG-FORWARDER_06-300x62.webp 300w, https:\/\/3mas1r.com\/test\/lig\/wp-content\/uploads\/2025\/06\/LIG-FORWARDER_06-768x158.webp 768w\" sizes=\"(max-width: 934px) 100vw, 934px\" \/>\t\t\t\t\t\t\t\t\t\t\t\t\t\t\t<\/div>\n\t\t\t\t<\/div>\n\t\t\t\t\t<\/div>\n\t\t\t\t<\/div>\n\t\t<div class=\"elementor-element elementor-element-1819c75 e-con-full elementor-hidden-desktop elementor-hidden-tablet e-flex e-con e-parent\" data-id=\"1819c75\" data-element_type=\"container\" data-e-type=\"container\">\n\t\t<div class=\"elementor-element elementor-element-366344d e-con-full e-flex e-con e-child\" data-id=\"366344d\" data-element_type=\"container\" data-e-type=\"container\">\n\t\t\t\t<div class=\"elementor-element elementor-element-ccca0ad elementor-widget elementor-widget-image\" data-id=\"ccca0ad\" data-element_type=\"widget\" data-e-type=\"widget\" data-widget_type=\"image.default\">\n\t\t\t\t\t\t\t\t\t\t\t\t\t\t\t<img loading=\"lazy\" decoding=\"async\" width=\"453\" height=\"244\" src=\"https:\/\/3mas1r.com\/test\/lig\/wp-content\/uploads\/2025\/06\/LIG-FORWARDER_02.webp\" class=\"attachment-large size-large wp-image-133\" alt=\"\" srcset=\"https:\/\/3mas1r.com\/test\/lig\/wp-content\/uploads\/2025\/06\/LIG-FORWARDER_02.webp 453w, https:\/\/3mas1r.com\/test\/lig\/wp-content\/uploads\/2025\/06\/LIG-FORWARDER_02-300x162.webp 300w\" sizes=\"(max-width: 453px) 100vw, 453px\" \/>\t\t\t\t\t\t\t\t\t\t\t\t\t\t\t<\/div>\n\t\t\t\t<\/div>\n\t\t<div class=\"elementor-element elementor-element-f347ddb e-con-full e-flex e-con e-child\" data-id=\"f347ddb\" data-element_type=\"container\" data-e-type=\"container\">\n\t\t\t\t<div class=\"elementor-element elementor-element-fdb6d05 elementor-widget elementor-widget-image\" data-id=\"fdb6d05\" data-element_type=\"widget\" data-e-type=\"widget\" data-widget_type=\"image.default\">\n\t\t\t\t\t\t\t\t\t\t\t\t\t\t\t<img loading=\"lazy\" decoding=\"async\" width=\"453\" height=\"240\" src=\"https:\/\/3mas1r.com\/test\/lig\/wp-content\/uploads\/2025\/06\/LIG-FORWARDER_04.webp\" class=\"attachment-large size-large wp-image-135\" alt=\"\" srcset=\"https:\/\/3mas1r.com\/test\/lig\/wp-content\/uploads\/2025\/06\/LIG-FORWARDER_04.webp 453w, https:\/\/3mas1r.com\/test\/lig\/wp-content\/uploads\/2025\/06\/LIG-FORWARDER_04-300x159.webp 300w\" sizes=\"(max-width: 453px) 100vw, 453px\" \/>\t\t\t\t\t\t\t\t\t\t\t\t\t\t\t<\/div>\n\t\t\t\t<\/div>\n\t\t<div class=\"elementor-element elementor-element-906b685 e-con-full e-flex e-con e-child\" data-id=\"906b685\" data-element_type=\"container\" data-e-type=\"container\">\n\t\t\t\t<div class=\"elementor-element elementor-element-0a6e820 elementor-widget elementor-widget-image\" data-id=\"0a6e820\" data-element_type=\"widget\" data-e-type=\"widget\" data-widget_type=\"image.default\">\n\t\t\t\t\t\t\t\t\t\t\t\t\t\t\t<img loading=\"lazy\" decoding=\"async\" width=\"453\" height=\"279\" src=\"https:\/\/3mas1r.com\/test\/lig\/wp-content\/uploads\/2025\/06\/LIG-FORWARDER_05.webp\" class=\"attachment-large size-large wp-image-136\" alt=\"\" srcset=\"https:\/\/3mas1r.com\/test\/lig\/wp-content\/uploads\/2025\/06\/LIG-FORWARDER_05.webp 453w, https:\/\/3mas1r.com\/test\/lig\/wp-content\/uploads\/2025\/06\/LIG-FORWARDER_05-300x185.webp 300w\" sizes=\"(max-width: 453px) 100vw, 453px\" \/>\t\t\t\t\t\t\t\t\t\t\t\t\t\t\t<\/div>\n\t\t\t\t<\/div>\n\t\t\t\t<\/div>\n\t\t<div class=\"elementor-element elementor-element-4a88a98 elementor-hidden-desktop elementor-hidden-tablet e-flex e-con-boxed e-con e-parent\" data-id=\"4a88a98\" data-element_type=\"container\" data-e-type=\"container\">\n\t\t\t\t\t<div class=\"e-con-inner\">\n\t\t\t\t<div class=\"elementor-element elementor-element-f42105a elementor-widget elementor-widget-image\" data-id=\"f42105a\" data-element_type=\"widget\" data-e-type=\"widget\" data-widget_type=\"image.default\">\n\t\t\t\t\t\t\t\t\t\t\t\t\t\t\t<img loading=\"lazy\" decoding=\"async\" width=\"934\" height=\"571\" src=\"https:\/\/3mas1r.com\/test\/lig\/wp-content\/uploads\/2025\/06\/LIG-FORWARDER_03.webp\" class=\"attachment-full size-full wp-image-134\" alt=\"\" srcset=\"https:\/\/3mas1r.com\/test\/lig\/wp-content\/uploads\/2025\/06\/LIG-FORWARDER_03.webp 934w, https:\/\/3mas1r.com\/test\/lig\/wp-content\/uploads\/2025\/06\/LIG-FORWARDER_03-300x183.webp 300w, https:\/\/3mas1r.com\/test\/lig\/wp-content\/uploads\/2025\/06\/LIG-FORWARDER_03-768x470.webp 768w\" sizes=\"(max-width: 934px) 100vw, 934px\" \/>\t\t\t\t\t\t\t\t\t\t\t\t\t\t\t<\/div>\n\t\t\t\t<div class=\"elementor-element elementor-element-7ae2323 elementor-widget elementor-widget-image\" data-id=\"7ae2323\" data-element_type=\"widget\" data-e-type=\"widget\" data-widget_type=\"image.default\">\n\t\t\t\t\t\t\t\t\t\t\t\t\t\t\t<img loading=\"lazy\" decoding=\"async\" width=\"934\" height=\"192\" src=\"https:\/\/3mas1r.com\/test\/lig\/wp-content\/uploads\/2025\/06\/LIG-FORWARDER_06.webp\" class=\"attachment-full size-full wp-image-137\" alt=\"\" srcset=\"https:\/\/3mas1r.com\/test\/lig\/wp-content\/uploads\/2025\/06\/LIG-FORWARDER_06.webp 934w, https:\/\/3mas1r.com\/test\/lig\/wp-content\/uploads\/2025\/06\/LIG-FORWARDER_06-300x62.webp 300w, https:\/\/3mas1r.com\/test\/lig\/wp-content\/uploads\/2025\/06\/LIG-FORWARDER_06-768x158.webp 768w\" sizes=\"(max-width: 934px) 100vw, 934px\" \/>\t\t\t\t\t\t\t\t\t\t\t\t\t\t\t<\/div>\n\t\t\t\t\t<\/div>\n\t\t\t\t<\/div>\n\t\t\t\t<\/div>\n\t\t","protected":false},"excerpt":{"rendered":"<p>LIG FORWARDER Hacemos parte de las siguientes redes a nivel mundial de agentes de aduanas: Somos un agente de carga nacional e internacional y hacemos parte de la red de agentes log\u00edsticos Americas Alliance y Freight Lounge . Contamos con socios estrat\u00e9gicos globalmente para ofrecer tarifas competitivas con navieras y aerol\u00edneas, garantizando un servicio eficiente [&hellip;]<\/p>\n","protected":false},"author":1,"featured_media":0,"parent":0,"menu_order":0,"comment_status":"closed","ping_status":"closed","template":"","meta":{"footnotes":""},"class_list":["post-117","page","type-page","status-publish","hentry"],"_links":{"self":[{"href":"https:\/\/3mas1r.com\/test\/lig\/wp-json\/wp\/v2\/pages\/117","targetHints":{"allow":["GET"]}}],"collection":[{"href":"https:\/\/3mas1r.com\/test\/lig\/wp-json\/wp\/v2\/pages"}],"about":[{"href":"https:\/\/3mas1r.com\/test\/lig\/wp-json\/wp\/v2\/types\/page"}],"author":[{"embeddable":true,"href":"https:\/\/3mas1r.com\/test\/lig\/wp-json\/wp\/v2\/users\/1"}],"replies":[{"embeddable":true,"href":"https:\/\/3mas1r.com\/test\/lig\/wp-json\/wp\/v2\/comments?post=117"}],"version-history":[{"count":50,"href":"https:\/\/3mas1r.com\/test\/lig\/wp-json\/wp\/v2\/pages\/117\/revisions"}],"predecessor-version":[{"id":1565,"href":"https:\/\/3mas1r.com\/test\/lig\/wp-json\/wp\/v2\/pages\/117\/revisions\/1565"}],"wp:attachment":[{"href":"https:\/\/3mas1r.com\/test\/lig\/wp-json\/wp\/v2\/media?parent=117"}],"curies":[{"name":"wp","href":"https:\/\/api.w.org\/{rel}","templated":true}]}}